{"id":3861,"date":"2015-07-21T18:54:35","date_gmt":"2015-07-21T18:54:35","guid":{"rendered":"http:\/\/terheijdentraiteurs.nl\/nl\/?page_id=3861"},"modified":"2025-11-03T11:59:43","modified_gmt":"2025-11-03T11:59:43","slug":"buffet-italiaanse-stijl","status":"publish","type":"page","link":"http:\/\/www.terheijdentraiteurs.nl\/nl\/assortiment\/buffetten\/buffet-italiaanse-stijl\/","title":{"rendered":"Buffet Italiaanse Stijl"},"content":{"rendered":"<h5>Het beste uit Itali\u00eb in \u00e9\u00e9n buffet!<\/h5>\n<p>Italiaans eten van topkwaliteit bij u thuis of op het werk bezorgd. Wij hebben speciaal voor u een selectie gemaakt van traditionele Italiaanse pareltjes tot originele gerechten met moderne invloeden. Verras uw smaakpupillen en bestel dit overheerlijke buffet voor u en uw gasten. Dit buffet is te bestellen <strong><span style=\"text-decoration: underline;\">vanaf 10 personen.<\/span><\/strong><\/p>\n<h5><span style=\"text-decoration: underline;\"><strong>Buffet Italiaanse Stijl: \u20ac29,50,- p.p.<\/strong><\/span><\/h5>\n<p>&nbsp;<\/p>\n<ul>\n<li>Gebraden gevogelte, gevuld met de farce van kip en groenten<\/li>\n<li>Salade met komkommer, tomaat, ui en paprika, gegarneerd met mozarella, basilicum, ansjovis en bosuitjes<\/li>\n<li>Pastasalade met kip , broccoli, salami en zwarte olijven, aangemaakt met een luchtige tuinkruiden-mayonaise<\/li>\n<li>Frisse groene salade met radicchio en sterrekers, gegarneerd met kwarteleitjes, gorgonzola en walnoten<\/li>\n<li>Huisgemaakte Lasagne<\/li>\n<li>Halve tomaatjes gevuld met een krabsalade met groene kruiden<\/li>\n<li>Anti-pasto met rauwe ham, coppa di parma, gekookte achterham, artisjokharten, cornichons, ei, olijven en meloen<\/li>\n<li>Pasta met saus naar keuze<\/li>\n<li>Italiaans rozemarijnbrood en olijvenbrood, stokbrood en kruidenboter<\/li>\n<li>Kaasplankje gegarneerd met druiven<\/li>\n<\/ul>\n<p>&nbsp;<\/p>\n<h5><span style=\"text-decoration: underline;\"><strong><u>Warme suggesties<\/u><\/strong><\/span><\/h5>\n<p>&nbsp;<\/p>\n<ul>\n<li>Lamskotelet in rozemarijnsaus \u20ac8,45 p.p.<\/li>\n<li>Kalfsvlees is roomsaus \u20ac4,50 p.p.<\/li>\n<li>Kipfilet in pesto \u20ac4,75 p.p.<\/li>\n<li>Verschillende pasta&#8217;s \u20ac2,00 p.p.<\/li>\n<\/ul>\n<div id=\"vfb-form-9\" class=\"visual-form-builder-container\"><form id=\"bestelformulier-buffet-italiaanse-stijl-9\" class=\"visual-form-builder vfb-form-9 \" method=\"post\" enctype=\"multipart\/form-data\">\n\t  \t<input type=\"hidden\" name=\"form_id\" value=\"9\" \/><fieldset class=\"vfb-fieldset vfb-fieldset-1 bestelformulier-buffet-italiaanse-stijl \" id=\"item-vfb-98\"><div class=\"vfb-legend\"><h3>Bestelformulier Buffet Italiaanse Stijl<\/h3><\/div><ul class=\"vfb-section vfb-section-1\"><li class=\"vfb-item vfb-item-text  \" id=\"item-vfb-102\"><label for=\"vfb-102\" class=\"vfb-desc\">Naam  <span class=\"vfb-required-asterisk\">*<\/span><\/label><input type=\"text\" name=\"vfb-102\" id=\"vfb-102\" value=\"\" class=\"vfb-text  vfb-medium  required  \" \/><\/li><li class=\"vfb-item vfb-item-text  \" id=\"item-vfb-107\"><label for=\"vfb-107\" class=\"vfb-desc\">Bedrijfsnaam <\/label><input type=\"text\" name=\"vfb-107\" id=\"vfb-107\" value=\"\" class=\"vfb-text  vfb-medium   \" \/><\/li><li class=\"vfb-item vfb-item-email  \" id=\"item-vfb-103\"><label for=\"vfb-103\" class=\"vfb-desc\">Email  <span class=\"vfb-required-asterisk\">*<\/span><\/label><input type=\"email\" name=\"vfb-103\" id=\"vfb-103\" value=\"\" class=\"vfb-text  vfb-medium  required  email \" \/><\/li><li class=\"vfb-item vfb-item-phone  \" id=\"item-vfb-104\"><label for=\"vfb-104\" class=\"vfb-desc\">Telefoonnummer  <span class=\"vfb-required-asterisk\">*<\/span><\/label><input type=\"tel\" name=\"vfb-104\" id=\"vfb-104\" value=\"\" class=\"vfb-text  vfb-medium  required  phone \" \/><\/li><li class=\"vfb-item vfb-item-number  \" id=\"item-vfb-108\"><label for=\"vfb-108\" class=\"vfb-desc\">Aantal personen  <span class=\"vfb-required-asterisk\">*<\/span><\/label><input type=\"text\" name=\"vfb-108\" id=\"vfb-108\" value=\"Minimaal 10\" class=\"vfb-text  vfb-medium  required  digits \" \/><\/li><li class=\"vfb-item vfb-item-checkbox  \" id=\"item-vfb-169\"><label class=\"vfb-desc\">Warme suggesties (extra) <\/label><div><span><label>Indien u nog extra warme gerechten bij wilt bestellen kunt u dit hier aangeven.<\/label><\/span><span class=\"vfb-span\"><input type=\"checkbox\" name=\"vfb-169[]\" id=\"vfb-169-0\" value=\"Lamskotelet in rozemarijnsaus\" class=\"vfb-checkbox  \" \/><label for=\"vfb-169-0\" class=\"vfb-choice\">Lamskotelet in rozemarijnsaus<\/label><\/span><span class=\"vfb-span\"><input type=\"checkbox\" name=\"vfb-169[]\" id=\"vfb-169-1\" value=\"Kalfsvlees is roomsaus\" class=\"vfb-checkbox  \" \/><label for=\"vfb-169-1\" class=\"vfb-choice\">Kalfsvlees is roomsaus<\/label><\/span><span class=\"vfb-span\"><input type=\"checkbox\" name=\"vfb-169[]\" id=\"vfb-169-2\" value=\"Kipfilet in pesto\" class=\"vfb-checkbox  \" \/><label for=\"vfb-169-2\" class=\"vfb-choice\">Kipfilet in pesto<\/label><\/span><span class=\"vfb-span\"><input type=\"checkbox\" name=\"vfb-169[]\" id=\"vfb-169-3\" value=\"Verschillende pasta&#039;s\" class=\"vfb-checkbox  \" \/><label for=\"vfb-169-3\" class=\"vfb-choice\">Verschillende pasta's<\/label><\/span><div style=\"clear:both\"><\/div><\/div><\/li><li class=\"vfb-item vfb-item-date  \" id=\"item-vfb-105\"><label for=\"vfb-105\" class=\"vfb-desc\">Gewenste leverdatum  <span class=\"vfb-required-asterisk\">*<\/span><\/label><input type=\"text\" name=\"vfb-105\" id=\"vfb-105\" value=\"\" class=\"vfb-text vfb-date-picker  vfb-medium  required \" data-dp-dateFormat=\"dd\/mm\/yy\" \/><\/li><li class=\"vfb-item vfb-item-text  \" id=\"item-vfb-110\"><label for=\"vfb-110\" class=\"vfb-desc\">Leveradres  <span class=\"vfb-required-asterisk\">*<\/span><\/label><input type=\"text\" name=\"vfb-110\" id=\"vfb-110\" value=\"\" class=\"vfb-text  vfb-medium  required  \" \/><\/li><li class=\"vfb-item vfb-item-time  \" id=\"item-vfb-106\"><label class=\"vfb-desc\">Gewenste levertijd <\/label><span class=\"vfb-time\"><select name=\"vfb-106[hour]\" id=\"vfb-106-hour\" class=\"vfb-select  \"><option value=\"00\">00<\/option><option value=\"01\">01<\/option><option value=\"02\">02<\/option><option value=\"03\">03<\/option><option value=\"04\">04<\/option><option value=\"05\">05<\/option><option value=\"06\">06<\/option><option value=\"07\">07<\/option><option value=\"08\">08<\/option><option value=\"09\">09<\/option><option value=\"10\">10<\/option><option value=\"11\">11<\/option><option value=\"12\">12<\/option><option value=\"13\">13<\/option><option value=\"14\">14<\/option><option value=\"15\">15<\/option><option value=\"16\">16<\/option><option value=\"17\">17<\/option><option value=\"18\">18<\/option><option value=\"19\">19<\/option><option value=\"20\">20<\/option><option value=\"21\">21<\/option><option value=\"22\">22<\/option><option value=\"23\">23<\/option><\/select><label for=\"vfb-106-hour\">HH<\/label><\/span><span class=\"vfb-time\"><select name=\"vfb-106[min]\" id=\"vfb-106-min\" class=\"vfb-select  \"><option value=\"00\">00<\/option><option value=\"05\">05<\/option><option value=\"10\">10<\/option><option value=\"15\">15<\/option><option value=\"20\">20<\/option><option value=\"25\">25<\/option><option value=\"30\">30<\/option><option value=\"35\">35<\/option><option value=\"40\">40<\/option><option value=\"45\">45<\/option><option value=\"50\">50<\/option><option value=\"55\">55<\/option><\/select><label for=\"vfb-106-min\">MM<\/label><\/span><div class=\"clear\"><\/div><\/li><li class=\"vfb-item vfb-item-textarea  \" id=\"item-vfb-109\"><label for=\"vfb-109\" class=\"vfb-desc\">Opmerking\/vraag: <\/label><div><textarea name=\"vfb-109\" id=\"vfb-109\" class=\"vfb-textarea  vfb-medium  \"><\/textarea><\/div><\/li><\/ul>&nbsp;<\/fieldset><fieldset class=\"vfb-fieldset vfb-fieldset-2 verificatie \" id=\"item-vfb-99\" style=\"display:block\"><div class=\"vfb-legend\"><h3>Verificatie<\/h3><\/div><ul class=\"vfb-section vfb-section-2\"><li class=\"vfb-item vfb-item-secret\"  style=\"display:block\"><label for=\"vfb-100\" class=\"vfb-desc\">Voer twee willekeurige getallen in <span class=\"vfb-required-asterisk\">*<\/span><\/label><input type=\"hidden\" name=\"_vfb-secret\" value=\"vfb-100\" \/><span class=\"vfb-span\"><input type=\"text\" name=\"vfb-100\" id=\"vfb-100\" value=\"\" class=\"vfb-text  vfb-medium  required {digits:true,maxlength:2,minlength:2} \" style=\"display:block\" \/><label>Bijvoorbeeld: 12<\/label><\/span><li style=\"display:none;\"><label>Deze ruimte is voor spam beveiliging - &lt;strong&gt;a.u.b. blanko laten&lt;\/strong&gt;:<\/label><div><input name=\"vfb-spam\" \/><\/div><\/li>\n\t\t\t<li class=\"vfb-item vfb-item-submit\" id=\"item-vfb-101\">\n\t\t\t\t<input type=\"submit\" name=\"vfb-submit\" id=\"vfb-101\" value=\"Versturen\" class=\"vfb-submit \" \/>\n\t\t\t\t<\/li><\/ul>\n\t\t\t<\/fieldset><input type=\"hidden\" name=\"_wp_http_referer\" value=\"\/nl\/wp-json\/wp\/v2\/pages\/3861\" \/><\/form><\/div> <!-- .visual-form-builder-container -->\n","protected":false},"excerpt":{"rendered":"<p>Het beste uit Itali\u00eb in \u00e9\u00e9n buffet! Italiaans eten van topkwaliteit bij u thuis of [&hellip;]<\/p>\n","protected":false},"author":2,"featured_media":3866,"parent":3587,"menu_order":0,"comment_status":"open","ping_status":"open","template":"","meta":[],"yoast_head":"<!-- This site is optimized with the Yoast SEO plugin v17.8 - https:\/\/yoast.com\/wordpress\/plugins\/seo\/ -->\n<meta name=\"description\" content=\"Italiaans eten van topkwaliteit bij u thuis of op het werk bezorgd. Verras uw smaakpupillen en bestel dit overheerlijke Buffet Italiaanse Stijl.\" \/>\n<meta name=\"robots\" content=\"index, follow, max-snippet:-1, max-image-preview:large, max-video-preview:-1\" \/>\n<link rel=\"canonical\" href=\"http:\/\/www.terheijdentraiteurs.nl\/nl\/assortiment\/buffetten\/buffet-italiaanse-stijl\/\" \/>\n<meta property=\"og:locale\" content=\"nl_NL\" \/>\n<meta property=\"og:type\" content=\"article\" \/>\n<meta property=\"og:title\" content=\"Buffet Italiaanse Stijl - Terheijden Traiteurs Bergen op Zoom\" \/>\n<meta property=\"og:description\" content=\"Italiaans eten van topkwaliteit bij u thuis of op het werk bezorgd. Verras uw smaakpupillen en bestel dit overheerlijke Buffet Italiaanse Stijl.\" \/>\n<meta property=\"og:url\" content=\"http:\/\/www.terheijdentraiteurs.nl\/nl\/assortiment\/buffetten\/buffet-italiaanse-stijl\/\" \/>\n<meta property=\"article:publisher\" content=\"https:\/\/www.facebook.com\/terheijdentraiteurs\" \/>\n<meta property=\"article:modified_time\" content=\"2025-11-03T11:59:43+00:00\" \/>\n<meta property=\"og:image\" content=\"http:\/\/www.terheijdentraiteurs.nl\/nl\/wp-content\/uploads\/2014\/07\/banner15.jpg\" \/>\n\t<meta property=\"og:image:width\" content=\"1000\" \/>\n\t<meta property=\"og:image:height\" content=\"300\" \/>\n<meta name=\"twitter:card\" content=\"summary\" \/>\n<meta name=\"twitter:label1\" content=\"Geschatte leestijd\" \/>\n\t<meta name=\"twitter:data1\" content=\"1 minuut\" \/>\n<script type=\"application\/ld+json\" class=\"yoast-schema-graph\">{\"@context\":\"https:\/\/schema.org\",\"@graph\":[{\"@type\":\"WebSite\",\"@id\":\"http:\/\/www.terheijdentraiteurs.nl\/nl\/#website\",\"url\":\"http:\/\/www.terheijdentraiteurs.nl\/nl\/\",\"name\":\"\",\"description\":\"Uw catering op maat!\",\"potentialAction\":[{\"@type\":\"SearchAction\",\"target\":{\"@type\":\"EntryPoint\",\"urlTemplate\":\"http:\/\/www.terheijdentraiteurs.nl\/nl\/?s={search_term_string}\"},\"query-input\":\"required name=search_term_string\"}],\"inLanguage\":\"nl\"},{\"@type\":\"ImageObject\",\"@id\":\"http:\/\/www.terheijdentraiteurs.nl\/nl\/assortiment\/buffetten\/buffet-italiaanse-stijl\/#primaryimage\",\"inLanguage\":\"nl\",\"url\":\"http:\/\/www.terheijdentraiteurs.nl\/nl\/wp-content\/uploads\/2014\/07\/banner15.jpg\",\"contentUrl\":\"http:\/\/www.terheijdentraiteurs.nl\/nl\/wp-content\/uploads\/2014\/07\/banner15.jpg\",\"width\":1000,\"height\":300,\"caption\":\"Buffet Italiaanse Stijl - Terheijden Traiteurs Catering\"},{\"@type\":\"WebPage\",\"@id\":\"http:\/\/www.terheijdentraiteurs.nl\/nl\/assortiment\/buffetten\/buffet-italiaanse-stijl\/#webpage\",\"url\":\"http:\/\/www.terheijdentraiteurs.nl\/nl\/assortiment\/buffetten\/buffet-italiaanse-stijl\/\",\"name\":\"Buffet Italiaanse Stijl - Terheijden Traiteurs Bergen op Zoom\",\"isPartOf\":{\"@id\":\"http:\/\/www.terheijdentraiteurs.nl\/nl\/#website\"},\"primaryImageOfPage\":{\"@id\":\"http:\/\/www.terheijdentraiteurs.nl\/nl\/assortiment\/buffetten\/buffet-italiaanse-stijl\/#primaryimage\"},\"datePublished\":\"2015-07-21T18:54:35+00:00\",\"dateModified\":\"2025-11-03T11:59:43+00:00\",\"description\":\"Italiaans eten van topkwaliteit bij u thuis of op het werk bezorgd. Verras uw smaakpupillen en bestel dit overheerlijke Buffet Italiaanse Stijl.\",\"breadcrumb\":{\"@id\":\"http:\/\/www.terheijdentraiteurs.nl\/nl\/assortiment\/buffetten\/buffet-italiaanse-stijl\/#breadcrumb\"},\"inLanguage\":\"nl\",\"potentialAction\":[{\"@type\":\"ReadAction\",\"target\":[\"http:\/\/www.terheijdentraiteurs.nl\/nl\/assortiment\/buffetten\/buffet-italiaanse-stijl\/\"]}]},{\"@type\":\"BreadcrumbList\",\"@id\":\"http:\/\/www.terheijdentraiteurs.nl\/nl\/assortiment\/buffetten\/buffet-italiaanse-stijl\/#breadcrumb\",\"itemListElement\":[{\"@type\":\"ListItem\",\"position\":1,\"name\":\"Home\",\"item\":\"http:\/\/www.terheijdentraiteurs.nl\/nl\/\"},{\"@type\":\"ListItem\",\"position\":2,\"name\":\"Assortiment\",\"item\":\"http:\/\/www.terheijdentraiteurs.nl\/nl\/assortiment\/\"},{\"@type\":\"ListItem\",\"position\":3,\"name\":\"Buffetten\",\"item\":\"http:\/\/www.terheijdentraiteurs.nl\/nl\/assortiment\/buffetten\/\"},{\"@type\":\"ListItem\",\"position\":4,\"name\":\"Buffet Italiaanse Stijl\"}]}]}<\/script>\n<!-- \/ Yoast SEO plugin. -->","yoast_head_json":{"description":"Italiaans eten van topkwaliteit bij u thuis of op het werk bezorgd. Verras uw smaakpupillen en bestel dit overheerlijke Buffet Italiaanse Stijl.","robots":{"index":"index","follow":"follow","max-snippet":"max-snippet:-1","max-image-preview":"max-image-preview:large","max-video-preview":"max-video-preview:-1"},"canonical":"http:\/\/www.terheijdentraiteurs.nl\/nl\/assortiment\/buffetten\/buffet-italiaanse-stijl\/","og_locale":"nl_NL","og_type":"article","og_title":"Buffet Italiaanse Stijl - Terheijden Traiteurs Bergen op Zoom","og_description":"Italiaans eten van topkwaliteit bij u thuis of op het werk bezorgd. Verras uw smaakpupillen en bestel dit overheerlijke Buffet Italiaanse Stijl.","og_url":"http:\/\/www.terheijdentraiteurs.nl\/nl\/assortiment\/buffetten\/buffet-italiaanse-stijl\/","article_publisher":"https:\/\/www.facebook.com\/terheijdentraiteurs","article_modified_time":"2025-11-03T11:59:43+00:00","og_image":[{"width":1000,"height":300,"url":"http:\/\/www.terheijdentraiteurs.nl\/nl\/wp-content\/uploads\/2014\/07\/banner15.jpg","type":"image\/jpeg"}],"twitter_card":"summary","twitter_misc":{"Geschatte leestijd":"1 minuut"},"schema":{"@context":"https:\/\/schema.org","@graph":[{"@type":"WebSite","@id":"http:\/\/www.terheijdentraiteurs.nl\/nl\/#website","url":"http:\/\/www.terheijdentraiteurs.nl\/nl\/","name":"","description":"Uw catering op maat!","potentialAction":[{"@type":"SearchAction","target":{"@type":"EntryPoint","urlTemplate":"http:\/\/www.terheijdentraiteurs.nl\/nl\/?s={search_term_string}"},"query-input":"required name=search_term_string"}],"inLanguage":"nl"},{"@type":"ImageObject","@id":"http:\/\/www.terheijdentraiteurs.nl\/nl\/assortiment\/buffetten\/buffet-italiaanse-stijl\/#primaryimage","inLanguage":"nl","url":"http:\/\/www.terheijdentraiteurs.nl\/nl\/wp-content\/uploads\/2014\/07\/banner15.jpg","contentUrl":"http:\/\/www.terheijdentraiteurs.nl\/nl\/wp-content\/uploads\/2014\/07\/banner15.jpg","width":1000,"height":300,"caption":"Buffet Italiaanse Stijl - Terheijden Traiteurs Catering"},{"@type":"WebPage","@id":"http:\/\/www.terheijdentraiteurs.nl\/nl\/assortiment\/buffetten\/buffet-italiaanse-stijl\/#webpage","url":"http:\/\/www.terheijdentraiteurs.nl\/nl\/assortiment\/buffetten\/buffet-italiaanse-stijl\/","name":"Buffet Italiaanse Stijl - Terheijden Traiteurs Bergen op Zoom","isPartOf":{"@id":"http:\/\/www.terheijdentraiteurs.nl\/nl\/#website"},"primaryImageOfPage":{"@id":"http:\/\/www.terheijdentraiteurs.nl\/nl\/assortiment\/buffetten\/buffet-italiaanse-stijl\/#primaryimage"},"datePublished":"2015-07-21T18:54:35+00:00","dateModified":"2025-11-03T11:59:43+00:00","description":"Italiaans eten van topkwaliteit bij u thuis of op het werk bezorgd. Verras uw smaakpupillen en bestel dit overheerlijke Buffet Italiaanse Stijl.","breadcrumb":{"@id":"http:\/\/www.terheijdentraiteurs.nl\/nl\/assortiment\/buffetten\/buffet-italiaanse-stijl\/#breadcrumb"},"inLanguage":"nl","potentialAction":[{"@type":"ReadAction","target":["http:\/\/www.terheijdentraiteurs.nl\/nl\/assortiment\/buffetten\/buffet-italiaanse-stijl\/"]}]},{"@type":"BreadcrumbList","@id":"http:\/\/www.terheijdentraiteurs.nl\/nl\/assortiment\/buffetten\/buffet-italiaanse-stijl\/#breadcrumb","itemListElement":[{"@type":"ListItem","position":1,"name":"Home","item":"http:\/\/www.terheijdentraiteurs.nl\/nl\/"},{"@type":"ListItem","position":2,"name":"Assortiment","item":"http:\/\/www.terheijdentraiteurs.nl\/nl\/assortiment\/"},{"@type":"ListItem","position":3,"name":"Buffetten","item":"http:\/\/www.terheijdentraiteurs.nl\/nl\/assortiment\/buffetten\/"},{"@type":"ListItem","position":4,"name":"Buffet Italiaanse Stijl"}]}]}},"_links":{"self":[{"href":"http:\/\/www.terheijdentraiteurs.nl\/nl\/wp-json\/wp\/v2\/pages\/3861"}],"collection":[{"href":"http:\/\/www.terheijdentraiteurs.nl\/nl\/wp-json\/wp\/v2\/pages"}],"about":[{"href":"http:\/\/www.terheijdentraiteurs.nl\/nl\/wp-json\/wp\/v2\/types\/page"}],"author":[{"embeddable":true,"href":"http:\/\/www.terheijdentraiteurs.nl\/nl\/wp-json\/wp\/v2\/users\/2"}],"replies":[{"embeddable":true,"href":"http:\/\/www.terheijdentraiteurs.nl\/nl\/wp-json\/wp\/v2\/comments?post=3861"}],"version-history":[{"count":11,"href":"http:\/\/www.terheijdentraiteurs.nl\/nl\/wp-json\/wp\/v2\/pages\/3861\/revisions"}],"predecessor-version":[{"id":4807,"href":"http:\/\/www.terheijdentraiteurs.nl\/nl\/wp-json\/wp\/v2\/pages\/3861\/revisions\/4807"}],"up":[{"embeddable":true,"href":"http:\/\/www.terheijdentraiteurs.nl\/nl\/wp-json\/wp\/v2\/pages\/3587"}],"wp:featuredmedia":[{"embeddable":true,"href":"http:\/\/www.terheijdentraiteurs.nl\/nl\/wp-json\/wp\/v2\/media\/3866"}],"wp:attachment":[{"href":"http:\/\/www.terheijdentraiteurs.nl\/nl\/wp-json\/wp\/v2\/media?parent=3861"}],"curies":[{"name":"wp","href":"https:\/\/api.w.org\/{rel}","templated":true}]}}